{"id":560,"date":"2023-06-21T18:22:42","date_gmt":"2023-06-21T15:22:42","guid":{"rendered":"http:\/\/ermarin.com.tr\/contact\/"},"modified":"2024-10-21T09:01:28","modified_gmt":"2024-10-21T06:01:28","slug":"contact","status":"publish","type":"page","link":"https:\/\/ermarin.com.tr\/en\/contact\/","title":{"rendered":"Contact"},"content":{"rendered":"\n<div class=\"wp-block-contact-form-7-contact-form-selector\">\n<div class=\"wpcf7 no-js\" id=\"wpcf7-f374-o1\" lang=\"tr-TR\" dir=\"ltr\" data-wpcf7-id=\"374\">\n<div class=\"screen-reader-response\"><p role=\"status\" aria-live=\"polite\" aria-atomic=\"true\"><\/p> <ul><\/ul><\/div>\n<form action=\"\/en\/wp-json\/wp\/v2\/pages\/560#wpcf7-f374-o1\" method=\"post\" class=\"wpcf7-form init\" aria-label=\"\u0130leti\u015fim Formu\" enctype=\"multipart\/form-data\" novalidate=\"novalidate\" data-status=\"init\">\n<fieldset class=\"hidden-fields-container\"><input type=\"hidden\" name=\"_wpcf7\" value=\"374\" \/><input type=\"hidden\" name=\"_wpcf7_version\" value=\"6.1.5\" \/><input type=\"hidden\" name=\"_wpcf7_locale\" value=\"tr_TR\" \/><input type=\"hidden\" name=\"_wpcf7_unit_tag\" value=\"wpcf7-f374-o1\" \/><input type=\"hidden\" name=\"_wpcf7_container_post\" value=\"0\" \/><input type=\"hidden\" name=\"_wpcf7_posted_data_hash\" value=\"\" \/>\n<\/fieldset>\n<div class=\"form_wrap\">\n\t<div class=\"form_element\">\n\t\t<p><span class=\"wpcf7-form-control-wrap\" data-name=\"text-88\"><input size=\"40\" maxlength=\"400\" class=\"wpcf7-form-control wpcf7-text wpcf7-validates-as-required\" aria-required=\"true\" aria-invalid=\"false\" placeholder=\"AD-SOYAD\" value=\"\" type=\"text\" name=\"text-88\" \/><\/span>\n\t\t<\/p>\n\t<\/div>\n\t<div class=\"form_element\">\n\t\t<p><span class=\"wpcf7-form-control-wrap\" data-name=\"email-246\"><input size=\"40\" maxlength=\"400\" class=\"wpcf7-form-control wpcf7-email wpcf7-validates-as-required wpcf7-text wpcf7-validates-as-email\" aria-required=\"true\" aria-invalid=\"false\" placeholder=\"E-POSTA\" value=\"\" type=\"email\" name=\"email-246\" \/><\/span>\n\t\t<\/p>\n\t<\/div>\n\t<div class=\"form_element\">\n\t\t<p><span class=\"wpcf7-form-control-wrap\" data-name=\"tel-632\"><input size=\"40\" maxlength=\"400\" class=\"wpcf7-form-control wpcf7-tel wpcf7-validates-as-required wpcf7-text wpcf7-validates-as-tel\" aria-required=\"true\" aria-invalid=\"false\" placeholder=\"TELEFON\" value=\"\" type=\"tel\" name=\"tel-632\" \/><\/span>\n\t\t<\/p>\n\t<\/div>\n\t<div class=\"form_element\">\n\t\t<p><span class=\"wpcf7-form-control-wrap\" data-name=\"text-88\"><input size=\"40\" maxlength=\"400\" class=\"wpcf7-form-control wpcf7-text\" aria-invalid=\"false\" placeholder=\"F\u0130RMA \/ OKUL ADI\" value=\"\" type=\"text\" name=\"text-88\" \/><\/span>\n\t\t<\/p>\n\t<\/div>\n\t<div class=\"form_element textarea\">\n\t\t<p><span class=\"wpcf7-form-control-wrap\" data-name=\"textarea-11\"><textarea cols=\"40\" rows=\"10\" maxlength=\"2000\" class=\"wpcf7-form-control wpcf7-textarea wpcf7-validates-as-required\" aria-required=\"true\" aria-invalid=\"false\" placeholder=\"MESAJINIZ\" name=\"textarea-11\"><\/textarea><\/span>\n\t\t<\/p>\n\t<\/div>\n\t<div class=\"form_element\">\n\t\t<p><label> CV'niz<br \/>\n<span class=\"wpcf7-form-control-wrap\" data-name=\"cv-niz\"><input size=\"40\" class=\"wpcf7-form-control wpcf7-file\" accept=\".jpg,.png,.pdf\" aria-invalid=\"false\" type=\"file\" name=\"cv-niz\" \/><\/span><br \/>\n<\/label>\n\t\t<\/p>\n\t<\/div>\n\t<div class=\"form_element textarea\">\n\t\t<p><span class=\"wpcf7-form-control-wrap\" data-name=\"acceptance-128\"><span class=\"wpcf7-form-control wpcf7-acceptance\"><span class=\"wpcf7-list-item\"><label><input type=\"checkbox\" name=\"acceptance-128\" value=\"1\" aria-invalid=\"false\" \/><span class=\"wpcf7-list-item-label\">6698 say\u0131l\u0131 <a href=\"http:\/\/ermarin.com.tr\/kvkk\/\" target=\"_blank\">KVKK Prosed\u00fcr\u00fc<\/a>n\u00fc , <a href=\"http:\/\/ermarin.com.tr\/acik-riza-metni\/\" target=\"_blank\">A\u00e7\u0131k R\u0131za Metni<\/a>ni ve <a href=\"http:\/\/ermarin.com.tr\/bilgilendirme-formu\/\" target=\"_blank\">Bilgilendirme Formu<\/a>nu okudum ve kabul ediyorum<\/span><\/label><\/span><\/span><\/span>\n\t\t<\/p>\n\t<\/div>\n\t<p><button type=\"submit\" class=\"sumbit_btn\"><br \/>\n<input class=\"wpcf7-form-control wpcf7-submit has-spinner\" type=\"submit\" value=\"G\u00d6NDER\" \/><br \/>\n<\/button>\n\t<\/p>\n<\/div><div class=\"wpcf7-response-output\" aria-hidden=\"true\"><\/div>\n<\/form>\n<\/div>\n<\/div>\r\n","protected":false},"excerpt":{"rendered":"","protected":false},"author":2,"featured_media":0,"parent":0,"menu_order":0,"comment_status":"closed","ping_status":"closed","template":"content.php","meta":{"inline_featured_image":false,"footnotes":""},"class_list":["post-560","page","type-page","status-publish","hentry"],"acf":[],"_links":{"self":[{"href":"https:\/\/ermarin.com.tr\/en\/wp-json\/wp\/v2\/pages\/560","targetHints":{"allow":["GET"]}}],"collection":[{"href":"https:\/\/ermarin.com.tr\/en\/wp-json\/wp\/v2\/pages"}],"about":[{"href":"https:\/\/ermarin.com.tr\/en\/wp-json\/wp\/v2\/types\/page"}],"author":[{"embeddable":true,"href":"https:\/\/ermarin.com.tr\/en\/wp-json\/wp\/v2\/users\/2"}],"replies":[{"embeddable":true,"href":"https:\/\/ermarin.com.tr\/en\/wp-json\/wp\/v2\/comments?post=560"}],"version-history":[{"count":3,"href":"https:\/\/ermarin.com.tr\/en\/wp-json\/wp\/v2\/pages\/560\/revisions"}],"predecessor-version":[{"id":673,"href":"https:\/\/ermarin.com.tr\/en\/wp-json\/wp\/v2\/pages\/560\/revisions\/673"}],"wp:attachment":[{"href":"https:\/\/ermarin.com.tr\/en\/wp-json\/wp\/v2\/media?parent=560"}],"curies":[{"name":"wp","href":"https:\/\/api.w.org\/{rel}","templated":true}]}}